{"id":432,"date":"2018-02-23T19:47:29","date_gmt":"2018-02-23T18:47:29","guid":{"rendered":"http:\/\/www.lphout.nl\/?page_id=432"},"modified":"2018-04-03T11:23:29","modified_gmt":"2018-04-03T10:23:29","slug":"workshop","status":"publish","type":"page","link":"https:\/\/www.lphout.nl\/de\/workshop\/","title":{"rendered":"PRAKTIKUM"},"content":{"rendered":"<h5>F\u00fcr das formen von Sperrholz k\u00f6nnen Sie ein kurzes Praktikum bei mir im Studio in Woerden (NL) machen. Sie lernen das Material kennen, formen und vollenden. Sie machen ein kleines Objekt oder Bild, je nachdem, was Sie tun m\u00f6chten. Das Praktikum dauert drei Tage von 10:00 bis 16:00 Uhr, maximal drei Personen k\u00f6nnen teilnehmen. Keine vorherige Ausbildung ist erforderlich, die Begleitung ist individuell und auf Ihre W\u00fcnsche und M\u00f6glichkeiten zugeschnitten.<br \/>\nDie Termine sind in Beratung.<br \/>\nDie Preise f\u00fcr drei Tage beinhalten Tee, Kaffee, Mittagessen, Werkzeugverbrauch und Materialien und sind abh\u00e4ngig von der Anzahl der Teilnehmer:<br \/>\n&#8211; 210 \u20ac pro Person f\u00fcr 3 Teilnehmer<br \/>\n&#8211; 270 \u20ac pro Person f\u00fcr 2 Teilnehmer<br \/>\n&#8211; 450 \u20ac f\u00fcr 1 Teilnehmer<\/h5>\n<h5>Sind Sie interessiert? Lass es mich wissen. <a href=\"mailto:lex@LPhout.nl\">lex@LPhout.nl<\/a><\/h5>\n<style type=\"text\/css\">\r\n\t#foogallery-gallery-826_1 .fg-image {\r\n        width: 150px;\r\n    }\r\n<\/style>\r\n\t\t\t\t<div class=\"foogallery foogallery-container foogallery-default foogallery-lightbox-none fg-gutter-10 fg-center fg-default fg-light fg-border-thin fg-shadow-outline fg-loading-default fg-loaded-fade-in fg-caption-hover fg-hover-fade fg-hover-zoom fg-ready\" id=\"foogallery-gallery-826_1\" data-foogallery=\"{&quot;item&quot;:{&quot;showCaptionTitle&quot;:true,&quot;showCaptionDescription&quot;:true},&quot;lazy&quot;:true}\" >\r\n\t<div class=\"fg-item fg-type-image fg-idle\"><figure class=\"fg-item-inner\"><a href=\"https:\/\/www.lphout.nl\/wp-content\/uploads\/2018\/04\/IMG_7457-Large.jpg\" data-attachment-id=\"828\" class=\"fg-thumb\"><span class=\"fg-image-wrap\"><img width=\"150\" height=\"150\" class=\"skip-lazy fg-image\" data-src-fg=\"https:\/\/www.lphout.nl\/wp-content\/uploads\/cache\/2018\/04\/IMG_7457-Large\/893745821.jpg\" src=\"data:image\/svg+xml,%3Csvg%20xmlns%3D%22http%3A%2F%2Fwww.w3.org%2F2000%2Fsvg%22%20width%3D%22150%22%20height%3D%22150%22%20viewBox%3D%220%200%20150%20150%22%3E%3C%2Fsvg%3E\"><\/span><span class=\"fg-image-overlay\"><\/span><\/a><figcaption class=\"fg-caption\"><div class=\"fg-caption-inner\"><\/div><\/figcaption><\/figure><div class=\"fg-loader\"><\/div><\/div><div class=\"fg-item fg-type-image fg-idle\"><figure class=\"fg-item-inner\"><a href=\"https:\/\/www.lphout.nl\/wp-content\/uploads\/2018\/04\/IMG_4545_stitch-Large.jpg\" data-attachment-id=\"827\" class=\"fg-thumb\"><span class=\"fg-image-wrap\"><img width=\"150\" height=\"150\" class=\"skip-lazy fg-image\" data-src-fg=\"https:\/\/www.lphout.nl\/wp-content\/uploads\/cache\/2018\/04\/IMG_4545_stitch-Large\/2919279631.jpg\" src=\"data:image\/svg+xml,%3Csvg%20xmlns%3D%22http%3A%2F%2Fwww.w3.org%2F2000%2Fsvg%22%20width%3D%22150%22%20height%3D%22150%22%20viewBox%3D%220%200%20150%20150%22%3E%3C%2Fsvg%3E\"><\/span><span class=\"fg-image-overlay\"><\/span><\/a><figcaption class=\"fg-caption\"><div class=\"fg-caption-inner\"><\/div><\/figcaption><\/figure><div class=\"fg-loader\"><\/div><\/div><div class=\"fg-item fg-type-image fg-idle\"><figure class=\"fg-item-inner\"><a href=\"https:\/\/www.lphout.nl\/wp-content\/uploads\/2018\/04\/IMG_7457-2-Large.jpg\" data-attachment-id=\"830\" class=\"fg-thumb\"><span class=\"fg-image-wrap\"><img width=\"150\" height=\"150\" class=\"skip-lazy fg-image\" data-src-fg=\"https:\/\/www.lphout.nl\/wp-content\/uploads\/cache\/2018\/04\/IMG_7457-2-Large\/1553802968.jpg\" src=\"data:image\/svg+xml,%3Csvg%20xmlns%3D%22http%3A%2F%2Fwww.w3.org%2F2000%2Fsvg%22%20width%3D%22150%22%20height%3D%22150%22%20viewBox%3D%220%200%20150%20150%22%3E%3C%2Fsvg%3E\"><\/span><span class=\"fg-image-overlay\"><\/span><\/a><figcaption class=\"fg-caption\"><div class=\"fg-caption-inner\"><\/div><\/figcaption><\/figure><div class=\"fg-loader\"><\/div><\/div><\/div>","protected":false},"excerpt":{"rendered":"<p>F\u00fcr das formen von Sperrholz k\u00f6nnen Sie ein kurzes Praktikum bei mir im Studio in Woerden (NL) machen. Sie lernen das Material kennen, formen und vollenden. Sie machen ein kleines Objekt oder Bild, je nachdem, was Sie tun m\u00f6chten. Das Praktikum dauert drei Tage von 10:00 bis 16:00 Uhr, maximal drei Personen k\u00f6nnen teilnehmen. Keine [&hellip;]<\/p>\n","protected":false},"author":1,"featured_media":0,"parent":0,"menu_order":0,"comment_status":"closed","ping_status":"closed","template":"","meta":{"ngg_post_thumbnail":0},"_links":{"self":[{"href":"https:\/\/www.lphout.nl\/de\/wp-json\/wp\/v2\/pages\/432"}],"collection":[{"href":"https:\/\/www.lphout.nl\/de\/wp-json\/wp\/v2\/pages"}],"about":[{"href":"https:\/\/www.lphout.nl\/de\/wp-json\/wp\/v2\/types\/page"}],"author":[{"embeddable":true,"href":"https:\/\/www.lphout.nl\/de\/wp-json\/wp\/v2\/users\/1"}],"replies":[{"embeddable":true,"href":"https:\/\/www.lphout.nl\/de\/wp-json\/wp\/v2\/comments?post=432"}],"version-history":[{"count":33,"href":"https:\/\/www.lphout.nl\/de\/wp-json\/wp\/v2\/pages\/432\/revisions"}],"predecessor-version":[{"id":836,"href":"https:\/\/www.lphout.nl\/de\/wp-json\/wp\/v2\/pages\/432\/revisions\/836"}],"wp:attachment":[{"href":"https:\/\/www.lphout.nl\/de\/wp-json\/wp\/v2\/media?parent=432"}],"curies":[{"name":"wp","href":"https:\/\/api.w.org\/{rel}","templated":true}]}}