{"id":370,"date":"2018-02-09T20:06:45","date_gmt":"2018-02-09T20:06:45","guid":{"rendered":"http:\/\/www.lphout.nl\/?page_id=370"},"modified":"2018-04-17T11:36:55","modified_gmt":"2018-04-17T10:36:55","slug":"nederlands-verkoop","status":"publish","type":"page","link":"https:\/\/www.lphout.nl\/fr\/nederlands-verkoop\/","title":{"rendered":"VENTE"},"content":{"rendered":"<p class=\"qtranxs-available-languages-message qtranxs-available-languages-message-fr\">D\u00e9sol\u00e9, cet article est seulement disponible en <a href=\"https:\/\/www.lphout.nl\/nl\/wp-json\/wp\/v2\/pages\/370\" class=\"qtranxs-available-language-link qtranxs-available-language-link-nl\" title=\"Nederlands\">N\u00e9erlandais<\/a>.<\/p>","protected":false},"excerpt":{"rendered":"<p>D\u00e9sol\u00e9, cet article est seulement disponible en N\u00e9erlandais.<\/p>\n","protected":false},"author":1,"featured_media":0,"parent":0,"menu_order":0,"comment_status":"closed","ping_status":"closed","template":"","meta":{"ngg_post_thumbnail":0},"_links":{"self":[{"href":"https:\/\/www.lphout.nl\/fr\/wp-json\/wp\/v2\/pages\/370"}],"collection":[{"href":"https:\/\/www.lphout.nl\/fr\/wp-json\/wp\/v2\/pages"}],"about":[{"href":"https:\/\/www.lphout.nl\/fr\/wp-json\/wp\/v2\/types\/page"}],"author":[{"embeddable":true,"href":"https:\/\/www.lphout.nl\/fr\/wp-json\/wp\/v2\/users\/1"}],"replies":[{"embeddable":true,"href":"https:\/\/www.lphout.nl\/fr\/wp-json\/wp\/v2\/comments?post=370"}],"version-history":[{"count":20,"href":"https:\/\/www.lphout.nl\/fr\/wp-json\/wp\/v2\/pages\/370\/revisions"}],"predecessor-version":[{"id":898,"href":"https:\/\/www.lphout.nl\/fr\/wp-json\/wp\/v2\/pages\/370\/revisions\/898"}],"wp:attachment":[{"href":"https:\/\/www.lphout.nl\/fr\/wp-json\/wp\/v2\/media?parent=370"}],"curies":[{"name":"wp","href":"https:\/\/api.w.org\/{rel}","templated":true}]}}