{"id":374,"date":"2018-02-09T20:08:29","date_gmt":"2018-02-09T20:08:29","guid":{"rendered":"http:\/\/www.lphout.nl\/?page_id=374"},"modified":"2019-02-20T11:52:26","modified_gmt":"2019-02-20T10:52:26","slug":"nederlands-lex-polman","status":"publish","type":"page","link":"https:\/\/www.lphout.nl\/fr\/nederlands-lex-polman\/","title":{"rendered":"LEX POLMAN"},"content":{"rendered":"<h5><strong>LES FORMES RECTANGULAIRES SONT UN PI\u00c8GE POUR MOI ET DE NOMBREUX D&rsquo;AUTRES&#8230;<\/strong><\/h5>\n<h5>J&rsquo;ai \u00e9tudi\u00e9 \u00e0 l&rsquo;Acad\u00e9mie St Joost de Breda (1975) et \u00e0 l&rsquo;\u00c9cole des Arts et Design de &lsquo;s-Hertogenbosch (1978).<br \/>\nEntre 1981 et 1987, j&rsquo;ai travaill\u00e9 au collectif \u00ab\u00a0Le Bouwerij\u00a0\u00bb \u00e0 &lsquo;s- Hertogenbosch avec l&rsquo;enseignant Peter Gunsing (*1953 &#8211; \u20202010) qui m&rsquo;a offert les poin\u00e7ons-lettres, devenus mon monogramme actuel (L &amp; P).<br \/>\nEn 2015, je me suis orient\u00e9 vers le travail du bois.<br \/>\nDivers stages aux Pays-Bas et en France avec Maarten Schepers, de l&rsquo;Ateliers Workshop-Express, m&rsquo;ont apport\u00e9 les techniques du gougeage et du fa\u00e7onnage.<br \/>\nDor\u00e9navant, je me dirige vers des formes plus organiques dans mes cr\u00e9ations, de sorte que non seulement les yeux, mais aussi les mains et les doigts sont caress\u00e9s.<\/h5>\n<h5><strong>OSEZ TOUCHER LE BOIS ET LE BOIS VOUS TOUCHERA !<\/strong><\/h5>\n<p><img loading=\"lazy\" class=\"alignnone wp-image-715\" src=\"\/\/www.lphout.nl\/wp-content\/uploads\/2018\/03\/IMG_5060A-LPhout-219x300.jpg\" alt=\"\" width=\"199\" height=\"273\" srcset=\"https:\/\/www.lphout.nl\/wp-content\/uploads\/2018\/03\/IMG_5060A-LPhout-219x300.jpg 219w, https:\/\/www.lphout.nl\/wp-content\/uploads\/2018\/03\/IMG_5060A-LPhout-768x1051.jpg 768w, https:\/\/www.lphout.nl\/wp-content\/uploads\/2018\/03\/IMG_5060A-LPhout-748x1024.jpg 748w, https:\/\/www.lphout.nl\/wp-content\/uploads\/2018\/03\/IMG_5060A-LPhout.jpg 824w\" sizes=\"(max-width: 199px) 100vw, 199px\" \/><img loading=\"lazy\" class=\"aligncenter wp-image-718\" src=\"http:\/\/www.lphout.nl\/wp-content\/uploads\/2018\/03\/LOGO-LP-BW-512x512-300x300.jpg\" alt=\"\" width=\"112\" height=\"112\" srcset=\"https:\/\/www.lphout.nl\/wp-content\/uploads\/2018\/03\/LOGO-LP-BW-512x512-300x300.jpg 300w, https:\/\/www.lphout.nl\/wp-content\/uploads\/2018\/03\/LOGO-LP-BW-512x512-150x150.jpg 150w, https:\/\/www.lphout.nl\/wp-content\/uploads\/2018\/03\/LOGO-LP-BW-512x512-90x90.jpg 90w, https:\/\/www.lphout.nl\/wp-content\/uploads\/2018\/03\/LOGO-LP-BW-512x512.jpg 512w\" sizes=\"(max-width: 112px) 100vw, 112px\" \/>","protected":false},"excerpt":{"rendered":"<p>LES FORMES RECTANGULAIRES SONT UN PI\u00c8GE POUR MOI ET DE NOMBREUX D&rsquo;AUTRES&#8230; J&rsquo;ai \u00e9tudi\u00e9 \u00e0 l&rsquo;Acad\u00e9mie St Joost de Breda (1975) et \u00e0 l&rsquo;\u00c9cole des Arts et Design de &lsquo;s-Hertogenbosch (1978). Entre 1981 et 1987, j&rsquo;ai travaill\u00e9 au collectif \u00ab\u00a0Le Bouwerij\u00a0\u00bb \u00e0 &lsquo;s- Hertogenbosch avec l&rsquo;enseignant Peter Gunsing (*1953 &#8211; \u20202010) qui m&rsquo;a offert les [&hellip;]<\/p>\n","protected":false},"author":1,"featured_media":0,"parent":0,"menu_order":0,"comment_status":"closed","ping_status":"closed","template":"","meta":{"ngg_post_thumbnail":0},"_links":{"self":[{"href":"https:\/\/www.lphout.nl\/fr\/wp-json\/wp\/v2\/pages\/374"}],"collection":[{"href":"https:\/\/www.lphout.nl\/fr\/wp-json\/wp\/v2\/pages"}],"about":[{"href":"https:\/\/www.lphout.nl\/fr\/wp-json\/wp\/v2\/types\/page"}],"author":[{"embeddable":true,"href":"https:\/\/www.lphout.nl\/fr\/wp-json\/wp\/v2\/users\/1"}],"replies":[{"embeddable":true,"href":"https:\/\/www.lphout.nl\/fr\/wp-json\/wp\/v2\/comments?post=374"}],"version-history":[{"count":66,"href":"https:\/\/www.lphout.nl\/fr\/wp-json\/wp\/v2\/pages\/374\/revisions"}],"predecessor-version":[{"id":1153,"href":"https:\/\/www.lphout.nl\/fr\/wp-json\/wp\/v2\/pages\/374\/revisions\/1153"}],"wp:attachment":[{"href":"https:\/\/www.lphout.nl\/fr\/wp-json\/wp\/v2\/media?parent=374"}],"curies":[{"name":"wp","href":"https:\/\/api.w.org\/{rel}","templated":true}]}}