{"id":432,"date":"2018-02-23T19:47:29","date_gmt":"2018-02-23T18:47:29","guid":{"rendered":"http:\/\/www.lphout.nl\/?page_id=432"},"modified":"2018-04-03T11:23:29","modified_gmt":"2018-04-03T10:23:29","slug":"workshop","status":"publish","type":"page","link":"https:\/\/www.lphout.nl\/fr\/workshop\/","title":{"rendered":"COURS"},"content":{"rendered":"<h5>Pour sculpter le CONTREPLAQU\u00c9, vous pouvez faire un court stage chez moi dans l&rsquo;atelier \u00e0 Woerden (NL). Vous apprenez \u00e0 conna\u00eetre, fa\u00e7onner et finir le mat\u00e9riau. Vous faites un petit objet ou une sculpture en fonction de ce que vous voulez faire. Le stage dure trois jours de 10h00 \u00e0 16h00, un maximum de trois personnes peuvent participer. Aucune formation pr\u00e9alable n&rsquo;est requis\u00e9, la supervision est individuelle et adapt\u00e9e \u00e0 vos souhaits et possibilit\u00e9s.<br \/>\nLes dates du stage sont \u00e0 convenir.<br \/>\nLes prix pour trois jours comprennent le th\u00e9, le caf\u00e9, le d\u00e9jeuner, l&rsquo;utilisation d&rsquo;outils et de mat\u00e9riel et d\u00e9pendent du nombre de participants:<br \/>\n&#8211; 210 \u20ac par personne pour 3 participants (maximum)<br \/>\n&#8211; 270 \u20ac par personne pour 2 participants<br \/>\n&#8211; 450 \u20ac pour 1 participant<\/h5>\n<h5>\u00cates-vous int\u00e9ress\u00e9? Faites moi savoir. <a href=\"mailto:lex@LPhout.nl\">lex@LPhout.nl<\/a><\/h5>\n<style type=\"text\/css\">\r\n\t#foogallery-gallery-826_2 .fg-image {\r\n        width: 150px;\r\n    }\r\n<\/style>\r\n\t\t\t\t<div class=\"foogallery foogallery-container foogallery-default foogallery-lightbox-none fg-gutter-10 fg-center fg-default fg-light fg-border-thin fg-shadow-outline fg-loading-default fg-loaded-fade-in fg-caption-hover fg-hover-fade fg-hover-zoom fg-ready\" id=\"foogallery-gallery-826_2\" data-foogallery=\"{&quot;item&quot;:{&quot;showCaptionTitle&quot;:true,&quot;showCaptionDescription&quot;:true},&quot;lazy&quot;:true}\" >\r\n\t<div class=\"fg-item fg-type-image fg-idle\"><figure class=\"fg-item-inner\"><a href=\"https:\/\/www.lphout.nl\/wp-content\/uploads\/2018\/04\/IMG_7457-Large.jpg\" data-attachment-id=\"828\" class=\"fg-thumb\"><span class=\"fg-image-wrap\"><img width=\"150\" height=\"150\" class=\"skip-lazy fg-image\" data-src-fg=\"https:\/\/www.lphout.nl\/wp-content\/uploads\/cache\/2018\/04\/IMG_7457-Large\/893745821.jpg\" src=\"data:image\/svg+xml,%3Csvg%20xmlns%3D%22http%3A%2F%2Fwww.w3.org%2F2000%2Fsvg%22%20width%3D%22150%22%20height%3D%22150%22%20viewBox%3D%220%200%20150%20150%22%3E%3C%2Fsvg%3E\"><\/span><span class=\"fg-image-overlay\"><\/span><\/a><figcaption class=\"fg-caption\"><div class=\"fg-caption-inner\"><\/div><\/figcaption><\/figure><div class=\"fg-loader\"><\/div><\/div><div class=\"fg-item fg-type-image fg-idle\"><figure class=\"fg-item-inner\"><a href=\"https:\/\/www.lphout.nl\/wp-content\/uploads\/2018\/04\/IMG_4545_stitch-Large.jpg\" data-attachment-id=\"827\" class=\"fg-thumb\"><span class=\"fg-image-wrap\"><img width=\"150\" height=\"150\" class=\"skip-lazy fg-image\" data-src-fg=\"https:\/\/www.lphout.nl\/wp-content\/uploads\/cache\/2018\/04\/IMG_4545_stitch-Large\/2919279631.jpg\" src=\"data:image\/svg+xml,%3Csvg%20xmlns%3D%22http%3A%2F%2Fwww.w3.org%2F2000%2Fsvg%22%20width%3D%22150%22%20height%3D%22150%22%20viewBox%3D%220%200%20150%20150%22%3E%3C%2Fsvg%3E\"><\/span><span class=\"fg-image-overlay\"><\/span><\/a><figcaption class=\"fg-caption\"><div class=\"fg-caption-inner\"><\/div><\/figcaption><\/figure><div class=\"fg-loader\"><\/div><\/div><div class=\"fg-item fg-type-image fg-idle\"><figure class=\"fg-item-inner\"><a href=\"https:\/\/www.lphout.nl\/wp-content\/uploads\/2018\/04\/IMG_7457-2-Large.jpg\" data-attachment-id=\"830\" class=\"fg-thumb\"><span class=\"fg-image-wrap\"><img width=\"150\" height=\"150\" class=\"skip-lazy fg-image\" data-src-fg=\"https:\/\/www.lphout.nl\/wp-content\/uploads\/cache\/2018\/04\/IMG_7457-2-Large\/1553802968.jpg\" src=\"data:image\/svg+xml,%3Csvg%20xmlns%3D%22http%3A%2F%2Fwww.w3.org%2F2000%2Fsvg%22%20width%3D%22150%22%20height%3D%22150%22%20viewBox%3D%220%200%20150%20150%22%3E%3C%2Fsvg%3E\"><\/span><span class=\"fg-image-overlay\"><\/span><\/a><figcaption class=\"fg-caption\"><div class=\"fg-caption-inner\"><\/div><\/figcaption><\/figure><div class=\"fg-loader\"><\/div><\/div><\/div>","protected":false},"excerpt":{"rendered":"<p>Pour sculpter le CONTREPLAQU\u00c9, vous pouvez faire un court stage chez moi dans l&rsquo;atelier \u00e0 Woerden (NL). Vous apprenez \u00e0 conna\u00eetre, fa\u00e7onner et finir le mat\u00e9riau. Vous faites un petit objet ou une sculpture en fonction de ce que vous voulez faire. Le stage dure trois jours de 10h00 \u00e0 16h00, un maximum de trois [&hellip;]<\/p>\n","protected":false},"author":1,"featured_media":0,"parent":0,"menu_order":0,"comment_status":"closed","ping_status":"closed","template":"","meta":{"ngg_post_thumbnail":0},"_links":{"self":[{"href":"https:\/\/www.lphout.nl\/fr\/wp-json\/wp\/v2\/pages\/432"}],"collection":[{"href":"https:\/\/www.lphout.nl\/fr\/wp-json\/wp\/v2\/pages"}],"about":[{"href":"https:\/\/www.lphout.nl\/fr\/wp-json\/wp\/v2\/types\/page"}],"author":[{"embeddable":true,"href":"https:\/\/www.lphout.nl\/fr\/wp-json\/wp\/v2\/users\/1"}],"replies":[{"embeddable":true,"href":"https:\/\/www.lphout.nl\/fr\/wp-json\/wp\/v2\/comments?post=432"}],"version-history":[{"count":33,"href":"https:\/\/www.lphout.nl\/fr\/wp-json\/wp\/v2\/pages\/432\/revisions"}],"predecessor-version":[{"id":836,"href":"https:\/\/www.lphout.nl\/fr\/wp-json\/wp\/v2\/pages\/432\/revisions\/836"}],"wp:attachment":[{"href":"https:\/\/www.lphout.nl\/fr\/wp-json\/wp\/v2\/media?parent=432"}],"curies":[{"name":"wp","href":"https:\/\/api.w.org\/{rel}","templated":true}]}}